{"id":3616,"date":"2024-05-14T23:09:55","date_gmt":"2024-05-14T21:09:55","guid":{"rendered":"https:\/\/historische-unimog.de\/999\/schwere-br1\/?page_id=3616"},"modified":"2025-03-22T16:52:46","modified_gmt":"2025-03-22T15:52:46","slug":"gebrauchtkauf-eines-unimog","status":"publish","type":"page","link":"http:\/\/historische-unimog.de\/999\/schwere-br1\/gebrauchtkauf-eines-unimog\/","title":{"rendered":"Gebrauchtkauf eines Unimog"},"content":{"rendered":"<h3><strong>Angebote bei KLEINANZEIGEN<\/strong><\/h3>\n<p>Man findet gebrauchte Unimog am besten bei Kleinanzeigen.de, dort ist die Auswahl in aller Regel am gr\u00f6\u00dften:<img loading=\"lazy\" decoding=\"async\" class=\"size-medium wp-image-1920 alignright\" src=\"http:\/\/unimog404.de\/wp-content\/uploads\/2024\/04\/IMG_0811-300x189.jpeg\" alt=\"\" width=\"300\" height=\"189\" \/><br \/>\n<strong><a href=\"https:\/\/www.kleinanzeigen.de\/s-auto-rad-boot\/preis:2000:\/unimog\/k0c210\" target=\"_blank\" rel=\"noopener\">Suche bei KLEINANZEIGEN<\/a><\/strong><br \/>\nDie Sucheinstellung nach Klick auf den Link ist auf \u201cab 2.000 Euro\u201d eingestellt, um Ersatzteile etc. weitgehend auszuschliessen und nur Fahrzeuge angezeigt zu bekommen. Die Erg\u00e4nzung des Suchbegriffs um die Baureihennummer des konkret gesuchten Fahrzeugs ist sinnvoll um die Suche weiter einzugrenzen.<\/p>\n<p>&nbsp;<\/p>\n<h3><strong>Angebote bei\u00a0<\/strong><strong>Ebay<\/strong><\/h3>\n<p><img loading=\"lazy\" decoding=\"async\" class=\"size-medium wp-image-1922 alignright\" src=\"http:\/\/unimog404.de\/wp-content\/uploads\/2024\/04\/IMG_0812-300x187.jpeg\" alt=\"\" width=\"300\" height=\"187\" \/>Einige wenige gebrauchte Unimog 404 gibt es aber manchmal auch bei Ebay zu finden, zumeist als Sofortkauf, seltener auch als Auktion:<br \/>\n<strong><a href=\"https:\/\/www.ebay.de\/sch\/i.html?_from=R40&amp;_nkw=unimog&amp;_sacat=0&amp;_udlo=2.000&amp;rt=nc\" target=\"_blank\" rel=\"noopener\">Suche bei Ebay nach \u201cUnimog\u201d<\/a><\/strong><br \/>\nDie Sucheinstellung des Links ist auf \u201cab 2.000 Euro\u201d eingestellt, um Ersatzteile etc. weitgehend auszuschliessen und nur Fahrzeuge angezeigt zu bekommen. Die Erg\u00e4nzung des Suchbegriffs um die Baureihennummer des konkret gesuchten Fahrzeugs ist sinnvoll um die Suche weiter einzugrenzen.<\/p>\n<p>&nbsp;<\/p>\n<h3><strong>Angebote in<\/strong><strong>\u00a0Unimog-Foren<\/strong><\/h3>\n<p>In den entsprechenden Bereichen der Fachforen kann ebenfalls nach Fahrzeugen gesucht werden.<br \/>\n<a href=\"https:\/\/www.unimog-community.de\/phpBB3\/viewforum.php?f=46\" target=\"_blank\" rel=\"noopener\"><strong>Unimog-Community Kleinanzeigen-Teil<\/strong><\/a><br \/>\n<strong><a href=\"https:\/\/www.multi-board.com\/board\/forum\/index.php?board\/109-unimogteile\/\" target=\"_blank\" rel=\"noopener\">Milit\u00e4rfahrzeugeforum Kleinanzeigenbereich<\/a><\/strong><br \/>\n<strong><a href=\"https:\/\/www.unimurr-forum.de\/forum\/index.php?board\/63-teilemarkt\/\" target=\"_blank\" rel=\"noopener\">Unimurr-Forum Teilemarkt<\/a><\/strong>\u00a0(Kostenlose Registrierung notwendig.)<\/p>\n<p>&nbsp;<\/p>\n<h3><strong>Ratgeber zum Gebrauchtkauf<\/strong><\/h3>\n<p>Demn\u00e4chst wird es hier auch einen<strong> Ratgeber zum Gebrauchtkauf\u00a0<\/strong>geben, mit Tipps und Hinweisen wie man generell beim KFZ-Gebrauchtkauf vorgehen und worauf man bei den hier betrachteten Baureihen speziell achten sollte.<\/p>\n<p>&nbsp;<\/p>\n<h3><strong>Transport eines Unimog auf einem H\u00e4nger<\/strong><\/h3>\n<p>Bei einem relativ seltenen Fahrzeug wie einem historischen Unimog muss man naturgem\u00e4\u00df damit rechnen, dass man beim Gebrauchtkauf nicht in unmittelbarer N\u00e4he zu seinem Wohnort f\u00fcndig wird. <img loading=\"lazy\" decoding=\"async\" class=\"alignright wp-image-1918 size-medium\" src=\"http:\/\/unimog404.de\/wp-content\/uploads\/2024\/04\/IMG_4268-300x289.jpeg\" alt=\"\" width=\"300\" height=\"289\" \/>Ein gerade gekauftes Exemplar m\u00f6chte oder kann man aber vielleicht nicht einfach auf eigener Achse nach Hause fahren. An dieser Stelle kommt dann die Frage nach einer bezahlbaren Transportm\u00f6glichkeit auf. Bei <a href=\"https:\/\/www.shiply.com\/de\" target=\"_blank\" rel=\"noopener\"><strong>Shiply.com<\/strong><\/a>\u00a0findet man in aller Regel schnell eine vergleichsweise g\u00fcnstige Transportm\u00f6glichkeit. Ich erl\u00e4utere im Folgenden, wie alles abl\u00e4uft auf diesem Vermittlungsportal:<\/p>\n<p><strong>Transportanfrage:<\/strong> Man stellt mit nur wenigen Angaben eine Transportanfrage, unverbindlich und kostenlos. Zu Gesch\u00e4ftszeiten treffen oft bereits Minuten sp\u00e4ter die ersten Angebote von Transportunternehmen ein, die auf der Plattform auch bewertet werden k\u00f6nnen, so dass man sich ein Bild von ihnen machen kann. <img loading=\"lazy\" decoding=\"async\" class=\"size-medium wp-image-1925 alignleft\" src=\"http:\/\/unimog404.de\/wp-content\/uploads\/2024\/04\/IMG_0813-300x164.jpeg\" alt=\"\" width=\"300\" height=\"164\" \/>Da die Transportunternehmen auch die Angebote anderer Unternehmen sehen k\u00f6nnen, kommt es oft zu nachtr\u00e4glichen Preisangleichungen nach unten, die man anhand von empfangenen E-Mail-Benachrichtigungen auch nachvollziehen kann. So erh\u00e4lt man am Ende zumeist ein g\u00fcnstigstm\u00f6gliches Angebot von einem oder mehreren Anbietern.<\/p>\n<p><strong>Auftragserteilung:<\/strong> Zwecks Terminabsprachen und so weiter kann man \u00fcber ein Nachrichten-System Kontakt mit den Angebotserstellern aufnehmen. Das alles ist noch v\u00f6llig unverbindlich und kostenlos. Hat man sich dann entschieden und sich mit einem Anbieter auf einen Termin geeinigt, erteilt man den Auftrag per Klick im Shiply-Account. Nach Auftragserteilung zahlt man dann zun\u00e4chst (sofort) einen Teil der zuvor vom Transporteur genannten Angebotssumme direkt an Shiply. Das ist deren Provision in H\u00f6he von etwa 15 %, die in die zuvor vereinbarte Angebotssumme bereits automatisch eingerechnet war. Der Rest der Summe geht direkt an den Transporteur, diesen bezahlt man aber erst nach der Auftragsdurchf\u00fchrung, in der Regel bar gegen Quittung.<\/p>\n<p><strong>Kosten:\u00a0<\/strong>Der Preis f\u00fcr einen solchen Autotransport h\u00e4ngt nat\u00fcrlich von der Entfernung und von der Lage von Abhol- und Zielort ab. Dabei kann es je nach Region erhebliche Unterschiede geben, je nachdem, wie viele Unternehmer in der Gegend gerade auch andere Auftr\u00e4ge vorher, anschlie\u00dfend oder auch gleichzeitig mitabdecken k\u00f6nnen. Zudem hat das Gewicht einen nicht unerheblichen Einfluss. Je schwerer der Wagen ist und je abgelegener der Abhol- und\/oder Zielort, desto eher geht es Richtung der h\u00f6heren Preise und umgekehrt:<\/p>\n<ul>\n<li>50Km: Etwa 200 \u2013 350 Euro.<\/li>\n<li>200Km: Etwa 350 \u2013 600 Euro.<\/li>\n<li>400Km: Etwa 550 \u2013 900 Euro.<\/li>\n<li>600Km: Etwa 700 \u2013 1.100 Euro.<\/li>\n<li>800Km: Etwa 800 \u2013 1.250 Euro.<\/li>\n<\/ul>\n<p><strong>Fazit:<\/strong> Nach meiner Erfahrung findet man \u00fcber Shiply am schnellsten eine g\u00fcnstigstm\u00f6gliche Transportm\u00f6glichkeit, im \u00dcbrigen nicht nur f\u00fcr Autos, sondern auch f\u00fcr andere sperrige Gegenst\u00e4nde. Anfragen \u00fcber andere Plattformen oder einzelne Transportdienstleister ergaben bei mir stets deutlich h\u00f6here Preise.<\/p>\n","protected":false},"excerpt":{"rendered":"<p>Angebote bei KLEINANZEIGEN Man findet gebrauchte Unimog am besten bei Kleinanzeigen.de, dort ist die Auswahl in aller Regel am gr\u00f6\u00dften: Suche bei KLEINANZEIGEN Die Sucheinstellung nach Klick auf den Link ist auf \u201cab 2.000 Euro\u201d eingestellt, um Ersatzteile etc. weitgehend auszuschliessen und nur Fahrzeuge angezeigt zu bekommen. Die Erg\u00e4nzung des Suchbegriffs um die Baureihennummer des&hellip; <a class=\"more-link\" href=\"http:\/\/historische-unimog.de\/999\/schwere-br1\/gebrauchtkauf-eines-unimog\/\"><span class=\"screen-reader-text\">Gebrauchtkauf eines Unimog<\/span> weiterlesen<\/a><\/p>\n","protected":false},"author":1,"featured_media":0,"parent":0,"menu_order":0,"comment_status":"closed","ping_status":"closed","template":"","meta":{"footnotes":""},"_links":{"self":[{"href":"http:\/\/historische-unimog.de\/999\/schwere-br1\/wp-json\/wp\/v2\/pages\/3616"}],"collection":[{"href":"http:\/\/historische-unimog.de\/999\/schwere-br1\/wp-json\/wp\/v2\/pages"}],"about":[{"href":"http:\/\/historische-unimog.de\/999\/schwere-br1\/wp-json\/wp\/v2\/types\/page"}],"author":[{"embeddable":true,"href":"http:\/\/historische-unimog.de\/999\/schwere-br1\/wp-json\/wp\/v2\/users\/1"}],"replies":[{"embeddable":true,"href":"http:\/\/historische-unimog.de\/999\/schwere-br1\/wp-json\/wp\/v2\/comments?post=3616"}],"version-history":[{"count":6,"href":"http:\/\/historische-unimog.de\/999\/schwere-br1\/wp-json\/wp\/v2\/pages\/3616\/revisions"}],"predecessor-version":[{"id":3760,"href":"http:\/\/historische-unimog.de\/999\/schwere-br1\/wp-json\/wp\/v2\/pages\/3616\/revisions\/3760"}],"wp:attachment":[{"href":"http:\/\/historische-unimog.de\/999\/schwere-br1\/wp-json\/wp\/v2\/media?parent=3616"}],"curies":[{"name":"wp","href":"https:\/\/api.w.org\/{rel}","templated":true}]}}