{"id":3632,"date":"2024-05-15T00:49:47","date_gmt":"2024-05-14T22:49:47","guid":{"rendered":"https:\/\/historische-unimog.de\/999\/schwere-br1\/?page_id=3632"},"modified":"2024-05-15T00:51:05","modified_gmt":"2024-05-14T22:51:05","slug":"ersatzteile-verbrauchsmaterial","status":"publish","type":"page","link":"http:\/\/historische-unimog.de\/999\/schwere-br1\/ersatzteile-verbrauchsmaterial\/","title":{"rendered":"Ersatzteile, Verbrauchsmaterial"},"content":{"rendered":"<h3><strong>Ersatzteile identifizieren (Ersatzteilliste)<\/strong><\/h3>\n<p>Unter dem folgenden Link findet sich zu vielen Baureihen\/Baumustern eine <a href=\"https:\/\/mb-teilekatalog.info\/index.php?lang=G&amp;mode=BM&amp;class=6&amp;aggtyp=&amp;markt=AG&amp;mmod=U\" target=\"_blank\" rel=\"noopener\">online abrufbare Ersatzteilliste (Bildkatalog)<\/a>. Auch gibt es entsprechende <a href=\"https:\/\/mb-teilekatalog.info\/index.php?lang=G&amp;mode=BM&amp;class=M&amp;aggtyp=&amp;markt=AG&amp;mmod=OM\" target=\"_blank\" rel=\"noopener\">Listen f\u00fcr zahlreiche Mercedes-Benz Motoren<\/a>.<\/p>\n<p>&nbsp;<\/p>\n<h3><strong>Beschaffung von Ersatzteilen und Verbrauchsmaterialien<\/strong><\/h3>\n<p>Vorl\u00e4ufig verweise ich hier, was den Einkauf neuer und auch teilweise gebrauchter Ersatzteile und Verbrauchsmaterialien angeht, auf die <strong><a href=\"https:\/\/www.unimog-community.de\/unimog-haendler\/\" target=\"_blank\" rel=\"noopener\">H\u00e4ndler\u00fcbersicht<\/a><\/strong> bei der Unimog-Community. Demn\u00e4chst folgen hier noch weitere ausgesuchte Links.<\/p>\n<p>Zudem kann nat\u00fcrlich auch bei <a href=\"https:\/\/www.ebay.de\/\" target=\"_blank\" rel=\"noopener\"><strong>Ebay<\/strong><\/a> nach neuen sowie gebrauchten Teilen gesucht werden, teilweise als Sofortkauf, teilweise als Auktion.<\/p>\n<p>Auch bei <a href=\"https:\/\/www.kleinanzeigen.de\/\" target=\"_blank\" rel=\"noopener\"><strong>KLEINANZEIGEN<\/strong><\/a>\u00a0kann nat\u00fcrlich nach gebrauchten Teilen f\u00fcr den gesucht werden.<\/p>\n<p>In der <strong><a href=\"https:\/\/www.unimog-community.de\/phpBB3\/viewforum.php?f=46\" target=\"_blank\" rel=\"noopener\">Unimog-Community im Forum gibt es einen Kleinanzeigen-Teil<\/a><\/strong>. Auch hier findet man Teile f\u00fcr die hier betrachteten Baureihen und manchmal auch Fahrzeuge.<\/p>\n<p>Im <strong><a href=\"https:\/\/www.multi-board.com\/board\/forum\/index.php?board\/109-unimogteile\/\" target=\"_blank\" rel=\"noopener\">Milit\u00e4rfahrzeugeforum gibt es ebenfalls einen Kleinanzeigenbereich<\/a><\/strong> f\u00fcr Unimog.<\/p>\n<p>Im <strong><a href=\"https:\/\/www.unimurr-forum.de\/forum\/index.php?board\/63-teilemarkt\/\" target=\"_blank\" rel=\"noopener\">Unimurr-Forum gibt es einen Teilemarkt<\/a><\/strong>, der sich in private und gewerbliche Angebote aufteilt und auch eine <strong><a href=\"https:\/\/www.unimurr-forum.de\/forum\/index.php?board\/33-linksammlung-bezugsquellen-gewerbliche-angebote\/\" target=\"_blank\" rel=\"noopener\">Linksammlung f\u00fcr gewerbliche Bezugsquellen<\/a><\/strong> anbietet. Beim\u00a0Unimurr-Forum ist eine kostenlose Registrierung erforderlich, um die Beitr\u00e4ge lesen zu k\u00f6nnen.<\/p>\n","protected":false},"excerpt":{"rendered":"<p>Ersatzteile identifizieren (Ersatzteilliste) Unter dem folgenden Link findet sich zu vielen Baureihen\/Baumustern eine online abrufbare Ersatzteilliste (Bildkatalog). Auch gibt es entsprechende Listen f\u00fcr zahlreiche Mercedes-Benz Motoren. &nbsp; Beschaffung von Ersatzteilen und Verbrauchsmaterialien Vorl\u00e4ufig verweise ich hier, was den Einkauf neuer und auch teilweise gebrauchter Ersatzteile und Verbrauchsmaterialien angeht, auf die H\u00e4ndler\u00fcbersicht bei der Unimog-Community. Demn\u00e4chst&hellip; <a class=\"more-link\" href=\"http:\/\/historische-unimog.de\/999\/schwere-br1\/ersatzteile-verbrauchsmaterial\/\"><span class=\"screen-reader-text\">Ersatzteile, Verbrauchsmaterial<\/span> weiterlesen<\/a><\/p>\n","protected":false},"author":1,"featured_media":0,"parent":0,"menu_order":0,"comment_status":"closed","ping_status":"closed","template":"","meta":{"footnotes":""},"_links":{"self":[{"href":"http:\/\/historische-unimog.de\/999\/schwere-br1\/wp-json\/wp\/v2\/pages\/3632"}],"collection":[{"href":"http:\/\/historische-unimog.de\/999\/schwere-br1\/wp-json\/wp\/v2\/pages"}],"about":[{"href":"http:\/\/historische-unimog.de\/999\/schwere-br1\/wp-json\/wp\/v2\/types\/page"}],"author":[{"embeddable":true,"href":"http:\/\/historische-unimog.de\/999\/schwere-br1\/wp-json\/wp\/v2\/users\/1"}],"replies":[{"embeddable":true,"href":"http:\/\/historische-unimog.de\/999\/schwere-br1\/wp-json\/wp\/v2\/comments?post=3632"}],"version-history":[{"count":1,"href":"http:\/\/historische-unimog.de\/999\/schwere-br1\/wp-json\/wp\/v2\/pages\/3632\/revisions"}],"predecessor-version":[{"id":3633,"href":"http:\/\/historische-unimog.de\/999\/schwere-br1\/wp-json\/wp\/v2\/pages\/3632\/revisions\/3633"}],"wp:attachment":[{"href":"http:\/\/historische-unimog.de\/999\/schwere-br1\/wp-json\/wp\/v2\/media?parent=3632"}],"curies":[{"name":"wp","href":"https:\/\/api.w.org\/{rel}","templated":true}]}}