{"id":2594,"date":"2024-04-24T07:20:52","date_gmt":"2024-04-24T05:20:52","guid":{"rendered":"https:\/\/historische-unimog.de\/wordpress\/?page_id=2594"},"modified":"2024-05-13T20:19:17","modified_gmt":"2024-05-13T18:19:17","slug":"unimog-416","status":"publish","type":"page","link":"https:\/\/historische-unimog.de\/999\/schwere-br1\/unimog-416\/","title":{"rendered":"Unimog 416 (1965-1994)"},"content":{"rendered":"<figure id=\"attachment_2872\" aria-describedby=\"caption-attachment-2872\" style=\"width: 300px\" class=\"wp-caption alignright\"><img loading=\"lazy\" decoding=\"async\" class=\"wp-image-2872 size-medium\" src=\"http:\/\/historische-unimog.de\/999\/schwere-br1\/wp-content\/uploads\/2024\/04\/91707A9D-880C-4090-9016-A7FDCE8997F1-Photoroom.png-Photoroom-300x203.png\" alt=\"\" width=\"300\" height=\"203\" srcset=\"https:\/\/historische-unimog.de\/999\/schwere-br1\/wp-content\/uploads\/2024\/04\/91707A9D-880C-4090-9016-A7FDCE8997F1-Photoroom.png-Photoroom-300x203.png 300w, https:\/\/historische-unimog.de\/999\/schwere-br1\/wp-content\/uploads\/2024\/04\/91707A9D-880C-4090-9016-A7FDCE8997F1-Photoroom.png-Photoroom-1024x691.png 1024w, https:\/\/historische-unimog.de\/999\/schwere-br1\/wp-content\/uploads\/2024\/04\/91707A9D-880C-4090-9016-A7FDCE8997F1-Photoroom.png-Photoroom-768x518.png 768w, https:\/\/historische-unimog.de\/999\/schwere-br1\/wp-content\/uploads\/2024\/04\/91707A9D-880C-4090-9016-A7FDCE8997F1-Photoroom.png-Photoroom.png 1280w\" sizes=\"(max-width: 300px) 100vw, 300px\" \/><figcaption id=\"caption-attachment-2872\" class=\"wp-caption-text\"><small><small><b>Unimog 416 Doka (Doppelkabine) &#8211; Feuerwehr <\/b><br \/><a href=\"https:\/\/commons.wikimedia.org\/wiki\/File:Feuerwehr_Zollikon_1976.jpeg\">Adrian Michael<\/a>, <a href=\"https:\/\/creativecommons.org\/licenses\/by-sa\/3.0\">CC BY-SA 3.0<\/a><\/small><\/small><\/figcaption><\/figure>\n<p><span style=\"color: var(--global--color-primary); font-family: var(--global--font-secondary); font-size: var(--global--font-size-base); background-color: var(--global--color-background);\">Von <\/span><strong style=\"color: var(--global--color-primary); font-family: var(--global--font-secondary); font-size: var(--global--font-size-base);\">1965<\/strong><span style=\"color: var(--global--color-primary); font-family: var(--global--font-secondary); font-size: var(--global--font-size-base); background-color: var(--global--color-background);\"> bis 1994 kam der <\/span><strong>Unimog 416<\/strong><span style=\"color: var(--global--color-primary); font-family: var(--global--font-secondary); font-size: var(--global--font-size-base); background-color: var(--global--color-background);\"> (BxLxH etwa 2,10m x 4,70m bis 5,50m x 2,30m) als verl\u00e4ngerter 406 auf den Markt, erstmals nach dem Unimog 404 wieder ein Fahrzeug mit 2900 mm und je nach Baumuster sogar 3400 mm Radstand. Die st\u00e4rkste Variante hatte 125 PS. Die Fahrzeugl\u00e4nge betrug 4,70 m bis 5,50 m, je nach Radstand und Aufbau. \u2026 Von 1968 bis 1983\u00a0wurde der Unimog 416 auch unter dem Namen <\/span><strong style=\"color: var(--global--color-primary); font-family: var(--global--font-secondary); font-size: var(--global--font-size-base);\">Unimog 426<\/strong><span style=\"color: var(--global--color-primary); font-family: var(--global--font-secondary); font-size: var(--global--font-size-base); background-color: var(--global--color-background);\">\u00a0gut 2.600 Mal als Lizenzbau in Argentinien zusammengebaut, aus Einzelteilen, die von Daimler-Benz aus Deutschland geliefert wurden. Von 1969 bis 1989 wurde von der Firma Rheinstahl der\u00a0<strong>UR-416<\/strong>\u00a0(Baumuster 416.160) gebaut, ein gepanzertes Fahrzeug auf Basis des Fahrgestells des Unimog 416.\u00a0Etwas \u00fcber 800 St\u00fcckdavon kamen gro\u00dfteils in den (internationalen) Polizeieinsatz. \u2026 <span style=\"font-family: var(--list--font-family); color: var(--global--color-primary); font-size: var(--global--font-size-base); background-color: var(--global--color-background);\">Vom Unimog 416 wurden etwa 45.000 Exemplare gebaut. <\/span>Verkaufsbezeichnungen des Unimog 416:\u00a0<strong>U80, U90, U90T, U100 (U1100 \/ U1100L), U110, U110T (U1100T), U100 L\/34, U125 (U1100 L\/29)<\/strong><\/span><\/p>\n<p>&nbsp;<\/p>\n<p><strong>Diese Seite wird demn\u00e4chst durch eine ausf\u00fchrliche Typenkunde erg\u00e4nzt, mit den Spezifika der Baureihe und ihren Ver\u00e4nderungen im Laufe der Produktionszeit.<\/strong><\/p>\n<footer class=\"entry-footer default-max-width\"><\/footer>\n","protected":false},"excerpt":{"rendered":"<p>Von 1965 bis 1994 kam der Unimog 416 (BxLxH etwa 2,10m x 4,70m bis 5,50m x 2,30m) als verl\u00e4ngerter 406 auf den Markt, erstmals nach dem Unimog 404 wieder ein Fahrzeug mit 2900 mm und je nach Baumuster sogar 3400 mm Radstand. Die st\u00e4rkste Variante hatte 125 PS. Die Fahrzeugl\u00e4nge betrug 4,70 m bis 5,50&hellip; <a class=\"more-link\" href=\"https:\/\/historische-unimog.de\/999\/schwere-br1\/unimog-416\/\"><span class=\"screen-reader-text\">Unimog 416 (1965-1994)<\/span> weiterlesen<\/a><\/p>\n","protected":false},"author":1,"featured_media":0,"parent":0,"menu_order":0,"comment_status":"closed","ping_status":"closed","template":"","meta":{"footnotes":""},"_links":{"self":[{"href":"https:\/\/historische-unimog.de\/999\/schwere-br1\/wp-json\/wp\/v2\/pages\/2594"}],"collection":[{"href":"https:\/\/historische-unimog.de\/999\/schwere-br1\/wp-json\/wp\/v2\/pages"}],"about":[{"href":"https:\/\/historische-unimog.de\/999\/schwere-br1\/wp-json\/wp\/v2\/types\/page"}],"author":[{"embeddable":true,"href":"https:\/\/historische-unimog.de\/999\/schwere-br1\/wp-json\/wp\/v2\/users\/1"}],"replies":[{"embeddable":true,"href":"https:\/\/historische-unimog.de\/999\/schwere-br1\/wp-json\/wp\/v2\/comments?post=2594"}],"version-history":[{"count":19,"href":"https:\/\/historische-unimog.de\/999\/schwere-br1\/wp-json\/wp\/v2\/pages\/2594\/revisions"}],"predecessor-version":[{"id":3590,"href":"https:\/\/historische-unimog.de\/999\/schwere-br1\/wp-json\/wp\/v2\/pages\/2594\/revisions\/3590"}],"wp:attachment":[{"href":"https:\/\/historische-unimog.de\/999\/schwere-br1\/wp-json\/wp\/v2\/media?parent=2594"}],"curies":[{"name":"wp","href":"https:\/\/api.w.org\/{rel}","templated":true}]}}