{"id":3798,"date":"2025-05-07T12:10:12","date_gmt":"2025-05-07T10:10:12","guid":{"rendered":"https:\/\/historische-unimog.de\/999\/schwere-br1\/?page_id=3798"},"modified":"2025-12-25T19:51:14","modified_gmt":"2025-12-25T18:51:14","slug":"ueber-diese-seiten","status":"publish","type":"page","link":"https:\/\/historische-unimog.de\/999\/schwere-br1\/ueber-diese-seiten\/","title":{"rendered":"\u00dcber diese Seiten"},"content":{"rendered":"<p>Diese kostenlosen und werbefreien Seiten werden rein privat, ohne gesch\u00e4ftliche oder sonstwie mit dem Erwerbsleben in Zusammenhang stehende Interessen betrieben, als Hobby und aus Freude am Umgang mit der Thematik. (Siehe auch <a href=\"http:\/\/historische-unimog.de\/999\/schwere-br1\/impressum-und-datenschutzerklaerung\/#disclaimer\">hier<\/a>.)<\/p>\n<p>Als ich etwa Mitte 2022 damit begann mich intensiv mit historischen Unimog zu befassen, empfand ich den Einstieg in diese Themenwelt als recht m\u00fchsam, da die damals verf\u00fcgbaren Online-Informationsangebote meiner Meinung nach ziemlich un\u00fcbersichtlich, unvollst\u00e4ndig und stellenweise auch fehlerhaft waren. Diese Situation m\u00f6chte ich verbessern! Mit diesem kostenlosen und werbefreien Informationsangebot soll sowohl Einsteigern ein leichterer und \u00fcbersichtlicherer Zugang zum Thema geboten werden, als auch Fortgeschrittenen ein jederzeit und \u00fcberall bequem nutzbares Nachschlagewerk. Auf dass das einzigartige Kulturgut in Form des historischen UNIMOG-Fahrzeugbestands auch zuk\u00fcnftig von m\u00f6glichst zahlreichen, gerne auch j\u00fcngeren Unimog-Begeisterten gehegt, gepflegt und somit erhalten wird.<\/p>\n<div class=\"entry-content\">\n<p>Mehr zur Entstehungsgeschichte dieses Webangebotes finden Sie <a href=\"https:\/\/historische-unimog.de\/wordpress\/ueber-diese-seiten\/\" target=\"_blank\" rel=\"noopener\">hier<\/a>.<\/p>\n<\/div>\n","protected":false},"excerpt":{"rendered":"<p>Diese kostenlosen und werbefreien Seiten werden rein privat, ohne gesch\u00e4ftliche oder sonstwie mit dem Erwerbsleben in Zusammenhang stehende Interessen betrieben, als Hobby und aus Freude am Umgang mit der Thematik. (Siehe auch hier.) Als ich etwa Mitte 2022 damit begann mich intensiv mit historischen Unimog zu befassen, empfand ich den Einstieg in diese Themenwelt als&hellip; <a class=\"more-link\" href=\"https:\/\/historische-unimog.de\/999\/schwere-br1\/ueber-diese-seiten\/\"><span class=\"screen-reader-text\">\u00dcber diese Seiten<\/span> weiterlesen<\/a><\/p>\n","protected":false},"author":1,"featured_media":0,"parent":0,"menu_order":0,"comment_status":"closed","ping_status":"closed","template":"","meta":{"footnotes":""},"_links":{"self":[{"href":"https:\/\/historische-unimog.de\/999\/schwere-br1\/wp-json\/wp\/v2\/pages\/3798"}],"collection":[{"href":"https:\/\/historische-unimog.de\/999\/schwere-br1\/wp-json\/wp\/v2\/pages"}],"about":[{"href":"https:\/\/historische-unimog.de\/999\/schwere-br1\/wp-json\/wp\/v2\/types\/page"}],"author":[{"embeddable":true,"href":"https:\/\/historische-unimog.de\/999\/schwere-br1\/wp-json\/wp\/v2\/users\/1"}],"replies":[{"embeddable":true,"href":"https:\/\/historische-unimog.de\/999\/schwere-br1\/wp-json\/wp\/v2\/comments?post=3798"}],"version-history":[{"count":3,"href":"https:\/\/historische-unimog.de\/999\/schwere-br1\/wp-json\/wp\/v2\/pages\/3798\/revisions"}],"predecessor-version":[{"id":3831,"href":"https:\/\/historische-unimog.de\/999\/schwere-br1\/wp-json\/wp\/v2\/pages\/3798\/revisions\/3831"}],"wp:attachment":[{"href":"https:\/\/historische-unimog.de\/999\/schwere-br1\/wp-json\/wp\/v2\/media?parent=3798"}],"curies":[{"name":"wp","href":"https:\/\/api.w.org\/{rel}","templated":true}]}}