{"id":3592,"date":"2024-05-14T22:59:17","date_gmt":"2024-05-14T20:59:17","guid":{"rendered":"https:\/\/historische-unimog.de\/999\/schwere-br2\/?page_id=3592"},"modified":"2025-03-22T17:07:15","modified_gmt":"2025-03-22T16:07:15","slug":"foren-portale-clubs-treffen-etc","status":"publish","type":"page","link":"https:\/\/historische-unimog.de\/999\/schwere-br2\/foren-portale-clubs-treffen-etc\/","title":{"rendered":"Foren, Portale, Clubs, Treffen etc."},"content":{"rendered":"<h3><strong>Foren:<\/strong><\/h3>\n<p><strong><a href=\"https:\/\/www.unimog-community.de\/phpBB3\/\" target=\"_blank\" rel=\"noopener\">Unimog-Community Forum<\/a><\/strong><br \/>\nUnimog-Forum von Unimog-Community.de.<\/p>\n<p><strong><a href=\"https:\/\/www.unimurr-forum.de\/forum\/index.php?board\/38-unimog-baumuster-404\/\" target=\"_blank\" rel=\"noopener\">Unimurr-Forum<\/a><\/strong><br \/>\nAuch in diesem Mitte der 2000er-Jahre gegr\u00fcndeten reinen Unimog-Forum geht es nur um den Unimog. Es wurde von Franz Murr ins Leben gerufen, einem ausgewiesenen Unimog-Spezialisten, der mittlerweile leider verstorben ist. Das Forum wird dennoch weitergef\u00fchrt. Beim Unimurr-Forum ist eine kostenlose Registrierung erforderlich um die Beitr\u00e4ge lesen zu k\u00f6nnen.<\/p>\n<p><strong><a href=\"https:\/\/www.multi-board.com\/board\/forum\/index.php?board\/69-unimogforum\/\" target=\"_blank\" rel=\"noopener\">Milit\u00e4rfahrzeugforum \u2013 Unimog-Bereich<\/a><br \/>\n<\/strong>In diesem Forum rund um Milit\u00e4rfahrzeuge gibt es einen Unimog-Bereich.<\/p>\n<p>&nbsp;<\/p>\n<h3><b>Portale:<\/b><\/h3>\n<p><strong><a href=\"https:\/\/www.unimog-community.de\/\" target=\"_blank\" rel=\"noopener\">Unimog Community<\/a><\/strong><br \/>\nGr\u00f6\u00dftes und \u00e4ltestes freies Unimog-Portal im deutschsprachigen Netz, auf dem es vor allem um \u00e4ltere Unimog-Baureihen geht. Die Unimog-Community wurde bereits 1999 unter dem Namen Unimog-Point gestartet. Es befinden sich auf dem Portal neben dem Forum auch ein Eventkalender, Links zu Unimog-(Ersatzteil-)H\u00e4ndlern, eine Unimog-Baureihen\u00fcbersicht, eine gemeinsam mit den Nutzern gef\u00fchrte Foto-Gallerie und einiges mehr. Es besteht seit 1999 eine Kooperation mit dem\u00a0<a href=\"https:\/\/unimog-club-gaggenau.de\/\" target=\"_blank\" rel=\"noopener\">Unimog Club Gaggenau<\/a>\u00a0und seit dessen Er\u00f6ffnung 2006 auch mit dem\u00a0<a href=\"https:\/\/www.unimog-museum.com\/\" target=\"_blank\" rel=\"noopener\">Unimog-Museum<\/a>\u00a0und seinem auf Unimog-Literatur und Merchandise spezialisierten\u00a0<a href=\"https:\/\/www.buchundbild.de\/\" target=\"_blank\" rel=\"noopener\">Buch und Bild -Shop<\/a>.<\/p>\n<p><a href=\"https:\/\/www.facebook.com\/unimogcommunity\" target=\"_blank\" rel=\"noopener\"><strong>Facebook-Seite der Unimog-Community<\/strong><\/a><br \/>\nMit \u00fcber 100.000 Followern ist die Facebook-Pr\u00e4senz der Unimog-Community vermutlich die weltweit gr\u00f6\u00dfte Facebook-Seite zum Thema Unimog. T\u00e4glich gibt es neue Beitr\u00e4ge.<\/p>\n<p>&nbsp;<\/p>\n<h3><b>Clubs:<\/b><\/h3>\n<figure id=\"attachment_2575\" class=\"wp-caption alignright\" aria-describedby=\"caption-attachment-2575\"><img loading=\"lazy\" decoding=\"async\" class=\"wp-image-2575 size-medium\" src=\"http:\/\/unimog404.de\/wp-content\/uploads\/2024\/04\/A29A1013-A4FC-4A9C-A1C6-95715FD84E29-300x168.jpeg\" alt=\"\" width=\"300\" height=\"168\" \/><figcaption id=\"caption-attachment-2575\" class=\"wp-caption-text\"><small><small><b>Website des Unimog-Club-Gaggenau, UCG<\/b><\/small><\/small><\/figcaption><\/figure>\n<p><a href=\"https:\/\/unimog-club-gaggenau.de\/\" target=\"_blank\" rel=\"noopener\"><strong>Unimog-Club-Gaggenau<\/strong><\/a><br \/>\nDer am 15. Mai 1993 gegr\u00fcndete Club hat \u00fcber 8.000 Mitglieder in 48 L\u00e4ndern und ist damit der gr\u00f6\u00dfte Club rund um Unimog-Fahrzeuge. F\u00fcr derzeit 45,- Euro j\u00e4hrlich kann jeder Mitglied werden, auch wenn man keinen eigenen Unimog besitzt. F\u00fcr seine Mitglieder stellt der Club auf der Website umfangreiche Informationen zu vielen historischen Unimog Baureihen zur Verf\u00fcgung, es werden in unz\u00e4hligen Regionalgruppen weltweit und vor allem in allen Ecken Deutschland regelm\u00e4\u00dfige Regionaltreffen (Stammtische) durchgef\u00fchrt und es gibt vielf\u00e4ltige Veranstaltungen und zum Beispiel auch kostenfreien Eintritt ins Unimog-Museum, welches auf Initiative des Clubs gegr\u00fcndet wurde.<\/p>\n<p><strong><a href=\"https:\/\/www.u-v-c.de\/uvc_neu\/\" target=\"_blank\" rel=\"noopener\">Unimog Veteranen Club (UVC)<\/a><\/strong><br \/>\nDer bereits 1983 gegr\u00fcndete Club mit etwa 1.000 Mitglieder hat nach eigenen Aussagen den Zweck des Erhalts und der Restauration alter Unimog. Der Besitz eines Unimog ist in diesem Club zwar wohl nicht Voraussetzung f\u00fcr die Mitgliedschaft, aber allgemein \u00fcblich. Die Website des Clubs ist auf meinen Ger\u00e4ten aktuell nicht navigierbar, da kein Men\u00fc angezeigt wird (Stand M\u00e4rz 2024). \u00dcber eine entsprechende <a href=\"https:\/\/www.google.de\/search?q=unimog+veteranen+club&amp;ie=UTF-8&amp;oe=UTF-8&amp;hl=de-de&amp;client=safari\" target=\"_blank\" rel=\"noopener\">Google Suche<\/a> nach dem Club erh\u00e4lt man aber in den Suchergebnissen eine gewisse Auswahl an Unterseiten die man ansteuern kann.<\/p>\n<p><strong><a href=\"https:\/\/www.unimogfreunde.de\/\" target=\"_blank\" rel=\"noopener\">Oberbayerische Unimogfreunde e.V.<\/a><\/strong><br \/>\nEin weiterer Verein rund um das Thema Unimog, mit gemeinsamen Ausfahrten und sonstigen Treffen. Der Verein betreibt die Website Unimogfreunde.de. Auf dieser Website gibt es eine Reihe n\u00fctzlicher Anleitungen zu historischen Unimog-Baureihen.<\/p>\n<p>&nbsp;<\/p>\n<h3><strong>Treffen und Veranstaltungen<\/strong><\/h3>\n<p><strong><a href=\"https:\/\/www.unimog-community.de\/phpBB3\/events\/\" target=\"_blank\" rel=\"noopener\">Liste aktueller Treffen und Veranstaltungen<\/a><\/strong><br \/>\nDiese Terminliste wird auf der entsprechenden Seite des Unimog-Portals <em>Unimog-Community<\/em> stets aktuell gehalten. Sie haben zumeist einen Bezug zu Unimog, insbesondere in Form von Regionaltreffen des Unimog-Club-Gaggenau, manchmal aber auch nur einen allgemeinen Bezug zu 4\u00d74-Fahrzeugen (Allrad) oder zu Oldtimern generell.<\/p>\n<figure id=\"attachment_2573\" class=\"wp-caption alignright\" aria-describedby=\"caption-attachment-2573\"><img loading=\"lazy\" decoding=\"async\" class=\"wp-image-2573 size-medium\" src=\"http:\/\/unimog404.de\/wp-content\/uploads\/2024\/04\/C63C1202-22E8-4BD9-823B-1F5F68C36AFD-300x167.jpeg\" alt=\"\" width=\"300\" height=\"167\" \/><figcaption id=\"caption-attachment-2573\" class=\"wp-caption-text\">Website der Abenteuer Allrad Messe. Aufgenommen Ende April 2024<\/figcaption><\/figure>\n<p><strong><a href=\"https:\/\/www.abenteuer-allrad.de\/\">Abenteuer Allrad \u2013 jedes Jahr an Fronleichnam<\/a>\u00a0<\/strong><br \/>\nGr\u00f6\u00dfte Allrad-Messe Deutschlands in Bad Kissingen mit einem riesigen mehrt\u00e4gigen Camp, auf dem mehrere zehntausende 4\u00d74-Begeisterte sich zusammenfinden. Diese sogenannte Camp-Area auf den umliegenden Feldern wird von vielen Besuchern als interessanter angesehen als die Messe selbst. Man sieht wohl weltweit nirgendwo und zu keinem Zeitpunkt derart viele und teilweise auch ausgefallene (oft bewohnbare) 4\u00d74-Fahrzeuge aller Gr\u00f6\u00dfenordnungen und Altersklassen. Die Messe findet allj\u00e4hrlich von Mittwochabend vor Fronleichnam (immer ein Donnerstag) bis zum darauffolgenden Sonntag statt.<\/p>\n<p><strong><a href=\"https:\/\/www.fernreisemobiltreffen.de\/\" target=\"_blank\" rel=\"noopener\">Willys Fernreisemobiltreffen in\u00a0Enkirch an der Mosel \u2013 \u00a0jedes Jahr am ersten Septemberwochenende<\/a><br \/>\n<\/strong>Direkt an der Mosel, auf einer langgezogenen Wiese vor dem Ort Enkirch, findet jedes Jahr ein gro\u00dfes Treffen von Fernreisemobilen und sonstigen 4\u00d74-Fahrzeugen statt. Es ist eine echte Alternative zur Abenteuer Allrad (s.o.), falls es einem mehr auf das Treffen mit Gleichgesinnten und auf interessante, zu gro\u00dfen Anteilen \u00e4ltere und selbstausgebaute Fahrzeuge ankommt, als auf eine Messe mit Neuware. Was auf der Website der Veranstaltung eher wie ein kleines Treffen aussieht (und auch als solches gestartet ist), entpuppt sich mittlerweile als eine sehr gro\u00dfe Veranstaltung mit vielen hundert Fahrzeugen. In diesem <a href=\"https:\/\/www.youtube.com\/watch?v=VXSctQ2Mqhg\" target=\"_blank\" rel=\"noopener\">Youtube-Video<\/a> kann man sich einen kleinen Eindruck vom Treffen 2024 machen sowie auch vom Ort Enkirch. In diesem <a href=\"https:\/\/www.youtube.com\/watch?v=UQ4AzdsQDeQ\" target=\"_blank\" rel=\"noopener\">Drohnenflug-Video<\/a> auf Youtube wird die Gr\u00f6\u00dfe des Treffens erkennbar.<\/p>\n<figure id=\"attachment_2542\" class=\"wp-caption alignright\" aria-describedby=\"caption-attachment-2542\"><img loading=\"lazy\" decoding=\"async\" class=\"wp-image-2542 size-medium\" src=\"http:\/\/unimog404.de\/wp-content\/uploads\/2024\/04\/D90BAC59-F722-4C82-947C-D8A0B0469599-300x114.jpeg\" alt=\"\" width=\"300\" height=\"114\" \/><figcaption id=\"caption-attachment-2542\" class=\"wp-caption-text\"><small><small><b>Unimog-Museum in Gaggenau <\/b><br \/>\n<a href=\"https:\/\/commons.wikimedia.org\/wiki\/File:Unimog_Museum_Gaggenau.jpg\">Duke Q<\/a>, <a href=\"https:\/\/creativecommons.org\/licenses\/by\/3.0\">CC BY 3.0<\/a><\/small><\/small><\/figcaption><\/figure>\n<p><strong><a href=\"https:\/\/www.unimog-museum.com\/\" target=\"_blank\" rel=\"noopener\">Unimog-Museum in Gaggenau<\/a><br \/>\n<\/strong>Das am 3. Juni 2006 er\u00f6ffnete Unimog-Museum in Gaggenau wird von einem gemeinn\u00fctzigen Verein betrieben, der vom Unimog-Club-Gaggenau (siehe oben)\u00a0ins Leben gerufen wurde. Das Museum mit seinen gro\u00dfen Dauer- und den regelm\u00e4\u00dfig wechselnden Sonderausstellungen zum Unimog, mit seinem kleinen Parkour direkt neben dem Geb\u00e4ude und der M\u00f6glichkeit, dort selbst zu fahren (Fahrertraining) oder mitgenommen zu werden, sowie mit regelm\u00e4\u00dfigen <a href=\"https:\/\/www.unimog-museum.com\/faszination\/aktuelle-veranstaltungen\/\" target=\"_blank\" rel=\"noopener\">Veranstaltungen<\/a> rund um den Unimog, stellt einen dauerhaften Treffpunkt f\u00fcr Unimog-Begeisterte dar. Immer Dienstags und Donnerstags gibt es auch eine telefonische <a href=\"https:\/\/www.unimog-museum.com\/museum\/unimog-alttypenberatung\/\" target=\"_blank\" rel=\"noopener\">Alttypenberatung<\/a>\u00a0unter der Telefonnummer 07225\/98131-50\u00a0sowie per E-Mail (technikberatung@unimog-museum.de)\u00a0f\u00fcr alle Fragen und Probleme rund um alte Unimog-Baureihen. Dort wird man sehr freundlich und kompetent sowie v\u00f6llig kostenfrei beraten. Wo bekommt man sowas schon noch? Hochinteressant f\u00fcr jeden Besitzer eines historischen Unimog (egal ob Unimog 404 oder andere Modelle) ist auch die M\u00f6glichkeit, sich die sogenannte <strong>Datenkarte per E-Mail kostenfrei zusenden zu lassen<\/strong>. Dies ist eine Begleitkarte, die w\u00e4hrend des Herstellungsprozesses eines jeden \u00e4lteren Unimog angefertigt wurde, die s\u00e4mtliche Daten des Fahrzeugs enth\u00e4lt, wie das genaue Datum der Herstellung, Serien- und Motorennummer, Sonderausstattungen, Nummern der Achsen und des Fahrerhauses und so weiter.<\/p>\n<p>&nbsp;<\/p>\n<h3><strong>Parkours<\/strong><\/h3>\n<p>Hier folgen demn\u00e4chst Links zu ausgew\u00e4hlten Parkours. Bis dahin verweise ich hier nur auf eine entsprechende <strong><a href=\"https:\/\/www.google.de\/search?q=4x4+parkour&amp;ie=UTF-8&amp;oe=UTF-8&amp;hl=de-de&amp;client=safari#ip=1\" target=\"_blank\" rel=\"noopener\">Google-Suche nach 4\u00d74-Parkours<\/a><\/strong>, die, wenn sie mit einer Regionalangabe (Region\/Bundesland) erg\u00e4nzt wird, sicherlich auch Parkours in Ihrer N\u00e4he anzeigt.<\/p>\n","protected":false},"excerpt":{"rendered":"<p>Foren: Unimog-Community Forum Unimog-Forum von Unimog-Community.de. Unimurr-Forum Auch in diesem Mitte der 2000er-Jahre gegr\u00fcndeten reinen Unimog-Forum geht es nur um den Unimog. Es wurde von Franz Murr ins Leben gerufen, einem ausgewiesenen Unimog-Spezialisten, der mittlerweile leider verstorben ist. Das Forum wird dennoch weitergef\u00fchrt. Beim Unimurr-Forum ist eine kostenlose Registrierung erforderlich um die Beitr\u00e4ge lesen zu&hellip; <a class=\"more-link\" href=\"https:\/\/historische-unimog.de\/999\/schwere-br2\/foren-portale-clubs-treffen-etc\/\"><span class=\"screen-reader-text\">Foren, Portale, Clubs, Treffen etc.<\/span> weiterlesen<\/a><\/p>\n","protected":false},"author":1,"featured_media":0,"parent":0,"menu_order":0,"comment_status":"closed","ping_status":"closed","template":"","meta":{"footnotes":""},"_links":{"self":[{"href":"https:\/\/historische-unimog.de\/999\/schwere-br2\/wp-json\/wp\/v2\/pages\/3592"}],"collection":[{"href":"https:\/\/historische-unimog.de\/999\/schwere-br2\/wp-json\/wp\/v2\/pages"}],"about":[{"href":"https:\/\/historische-unimog.de\/999\/schwere-br2\/wp-json\/wp\/v2\/types\/page"}],"author":[{"embeddable":true,"href":"https:\/\/historische-unimog.de\/999\/schwere-br2\/wp-json\/wp\/v2\/users\/1"}],"replies":[{"embeddable":true,"href":"https:\/\/historische-unimog.de\/999\/schwere-br2\/wp-json\/wp\/v2\/comments?post=3592"}],"version-history":[{"count":7,"href":"https:\/\/historische-unimog.de\/999\/schwere-br2\/wp-json\/wp\/v2\/pages\/3592\/revisions"}],"predecessor-version":[{"id":3724,"href":"https:\/\/historische-unimog.de\/999\/schwere-br2\/wp-json\/wp\/v2\/pages\/3592\/revisions\/3724"}],"wp:attachment":[{"href":"https:\/\/historische-unimog.de\/999\/schwere-br2\/wp-json\/wp\/v2\/media?parent=3592"}],"curies":[{"name":"wp","href":"https:\/\/api.w.org\/{rel}","templated":true}]}}