{"id":3604,"date":"2024-05-15T00:24:01","date_gmt":"2024-05-14T22:24:01","guid":{"rendered":"https:\/\/historische-unimog.de\/999\/schwere-br2\/?page_id=3604"},"modified":"2025-06-10T23:44:33","modified_gmt":"2025-06-10T21:44:33","slug":"technische-dokumente-literatur","status":"publish","type":"page","link":"https:\/\/historische-unimog.de\/999\/schwere-br2\/technische-dokumente-literatur\/","title":{"rendered":"Technische Dokumente \/ Literatur"},"content":{"rendered":"<h3><strong>Welche technische Literatur gibt es?<\/strong><\/h3>\n<p><strong>Von Daimler-Benz:<\/strong><br \/>\nAn technischer Literatur f\u00fcr die \u00bbUr-Unimog\u00ab-Baureihen\u00a0gibt es zum einen die Publikationen von Daimler-Benz. Das sind die\u00a0<strong>Betriebsanleitung<\/strong>,\u00a0<strong>Werkstatthandb\u00fccher<\/strong>\u00a0und sogenannten <strong>Ersatzteillisten<\/strong> mit Explosionszeichnungen aller Baugruppen und der Benennung aller Einzelteile samt ihrer Teilenummern.\u00a0Die Ersatzteillisten gibt es zum Fahrgestell und Aufbau sowie auch jeweils zu den verwendeten Motoren OM352 und OM352A. Als sogenannte <strong>Bildkataloge\u00a0<\/strong>gibt es auch die Explosionszeichnungen alleine, ohne die Teilenummern. Sie dienen der Identifizierung von bei Reparaturen ben\u00f6tigten Teilen.<\/p>\n<p>&nbsp;<\/p>\n<p><strong>Von der Bundeswehr:<br \/>\n<\/strong>Zum anderen gibt es f\u00fcr den Unimog 435 (U1300L) auch die\u00a0<strong>Technischen Dienstvorschriften (TDv) der Bundeswehr<\/strong>. Diese bieten ebenfalls alle Inhalte der Daimler-Benz-Unterlagen und zudem zus\u00e4tzliche, sich auf die milit\u00e4rischen Besonderheiten und die spezifischen Aufbauten beziehende Sachverhalte. Die TDv sind in stellenweise laiengerechterer Form verfasst als die Daimler-Dokumente, insbesondere was die sich mit der Reparatur und Wartung befassenden Inhalte angeht. Dies mag daran liegen, dass Daimler-Benz sich mit seinen Unterlagen, au\u00dfer mit der Betriebsanleitung, an ausgebildete Fachleute in den Werkst\u00e4tten wendete, w\u00e4hrend bei der Bundeswehr zumindest unter anderem auch unausgebildete Wehrpflichtige damit angesprochen werden mussten. Es gibt vier wesentliche TDv zum Unimog 435, der bei der Bundeswehr \u201e<strong>LKW 2t tmil gl<\/strong>\u00a0<strong>Mercedes-Benz U 1300 L<em>\u201c <\/em><\/strong><em>hei\u00dft<\/em>, gem\u00e4\u00df seiner m\u00f6glichen Zuladung von 2 Tonnen.<\/p>\n<p>Die im Folgenden aufgef\u00fchrten vier Schriften sind erstens die Bedienungsanleitung, zweitens die Anleitung f\u00fcr Wartung und kleine Instandsetzungen sowie drittens die Reparaturanleitung bzw. Werkstattanleitung und viertens der Ersatzteilkatalog mit den Explosionszeichnungen:<\/p>\n<ol>\n<li class=\"p1\"><span class=\"s1\">TDv 2320 057 12 \u2013\u00a0LKW 2t tmil gl\u00a0Mercedes-Benz U 1300 L\u00a0\u2013\u00a0Ger\u00e4tebeschreibung, Bedienung und Pflege<\/span><\/li>\n<li class=\"p1\"><span class=\"s1\">TDv 2320 057 30 \u2013LKW 2t tmil gl\u00a0Mercedes-Benz U 1300 L \u2013\u00a0Wartung und Truppeninstandsetzung<\/span><\/li>\n<li class=\"p1\"><span class=\"s1\">TDv 2320 057 40 \u2013LKW 2t tmil gl\u00a0Mercedes-Benz U 1300 L \u2013\u00a0Feld- und\u00a0Depotinstandsetzung<\/span><\/li>\n<li class=\"p1\"><span class=\"s1\">TDv 2320 057 50 \u2013LKW 2t tmil gl\u00a0Mercedes-Benz U 1300 L \u2013 Ersatzteilkatalog<\/span><\/li>\n<\/ol>\n<p>Von den physischen Ausgaben dieser vier wesentlichen und brauchbarsten technischen Dienstvorschriften zum Unimog gibt es am Markt leider nicht viele. Beim meist leider recht teuren Kauf muss man genauestens auf die Nummer achten. Sonst hat man es mit anderen Dokumenten zu anderen Fahrzeugen\/Ger\u00e4ten zu tun, beziehungsweise mit verh\u00e4ltnism\u00e4\u00dfig wenig n\u00fctzlichen anderen Schriften zum Unimog, wie beispielsweise Fristenheften.<\/p>\n<p>In den <a href=\"https:\/\/historische-unimog.de\/999\/schwere-br2\/foren-portale-clubs-treffen-etc\/\">Foren<\/a> kursieren Digitalversionen dieser Schriften. Wer freundlich danach fragt, erh\u00e4lt diese meistens wohl auch per E-Mail zugesandt. Da dies vermutlich aber nicht ganz legal ist, rate ich an dieser Stelle davon ab.<\/p>\n<p>&nbsp;<\/p>\n<p><strong>Preise der technischen Literatur:<br \/>\n<\/strong>Was die Preise solcher Unterlagen angeht, so sind diese generell sehr gesalzen, und je \u00e4lter und besser erhalten die jeweilige Ausgabe ist, desto teurer ist sie. Wir haben es dabei mit \u201eAntiquariat\u201c zu tun. Das kann bei einem alten, originalen Werkstatthandbuch auch mal bis zu etwa 300 Euro gehen.\u00a0Die Nachdrucke der Unterlagen von Daimler seitens \u201eBuch &amp; Bild\u201c, dem Shop des Unimog-Museums (s.u.), sind ebenfalls recht teuer.<\/p>\n<p>&nbsp;<\/p>\n<h3><b>Bezugsquellen f\u00fcr technische Literatur<\/b><\/h3>\n<p><strong>Buch und Bild -Shop des Unimog-Museums Gaggenau:<\/strong><br \/>\n(Nachtrag Juni 2025: Dieser Internetshop heisst jetzt Unimog-Fanshop. Die Links unten funktionieren aber noch.) An den Unterlagen von Daimler-Benz hat sich das Unimog-Museum Gaggenau\u00a0die Rechte zum Nachdruck gesichert und vertreibt die Publikationen im Museumsshop sowie auch online \u00fcber\u00a0<a href=\"https:\/\/www.buchundbild.de\/\" target=\"_blank\" rel=\"noopener\">Buch&amp;Bild<\/a>. Aktuell (M\u00e4rz 2024) findet man im Onlineshop die folgenden Angebote:<\/p>\n<p><a href=\"https:\/\/www.buchundbild.de\/de\/Baureihensortiment\/Unimog-424-425\" target=\"_blank\" rel=\"noopener\">Unimog 425, 424<\/a><br \/>\n<a href=\"https:\/\/www.buchundbild.de\/de\/Baureihensortiment\/Unimog-435\" target=\"_blank\" rel=\"noopener\">Unimog 435<\/a><\/p>\n<p>&nbsp;<\/p>\n<p><strong>Ebay und KLEINANZEIGEN:<\/strong><br \/>\nGebrauchte Exemplare der originalen sowie der von Buch &amp; Bild (s.o.) nachgedruckten Exemplare der Betriebsanleitung, des Werkstatthandbuches sowie der Ersatzteillisten findet man zudem bei <a href=\"https:\/\/www.ebay.de\/\" target=\"_blank\" rel=\"noopener\">Ebay<\/a> und in der von Ebay mittlerweile unabh\u00e4ngigen Kleinanzeigenb\u00f6rse namens <a href=\"https:\/\/www.kleinanzeigen.de\/\" target=\"_blank\" rel=\"noopener\">KLEINANZEIGEN<\/a> (ehemals Ebay-Kleinanzeigen).<\/p>\n<p>&nbsp;<\/p>\n<p><strong>Kleinanzeigen- und Teilem\u00e4rkte in den Foren:<br \/>\n<\/strong>In den entsprechenden Bereichen der Fachforen kann ebenfalls nach technischen Dokumenten gesucht werden.<br \/>\n<a href=\"https:\/\/www.unimog-community.de\/phpBB3\/viewforum.php?f=46\" target=\"_blank\" rel=\"noopener\">Unimog-Community Kleinanzeigen-Teil<\/a><br \/>\n<a href=\"https:\/\/www.multi-board.com\/board\/forum\/index.php?board\/109-unimogteile\/\" target=\"_blank\" rel=\"noopener\">Milit\u00e4rfahrzeugeforum Kleinanzeigenbereich<\/a><br \/>\n<a class=\"broken_link\" href=\"https:\/\/www.unimurr-forum.de\/forum\/index.php?board\/63-teilemarkt\/\" target=\"_blank\" rel=\"noopener\">Unimurr-Forum Teilemarkt<\/a>\u00a0(Beim\u00a0Unimurr-Forum ist eine kostenlose Registrierung erforderlich um die Beitr\u00e4ge lesen zu k\u00f6nnen.)<\/p>\n<p>&nbsp;<\/p>\n<p><strong>Google Suche nach weiteren Anbietern:<\/strong><br \/>\n\u00dcber eine Suche bei Google findet man nat\u00fcrlich noch weitere Anbieter dieser technischen Unterlagen. Geeignete Suchbegriffe, jeweils kombiniert mit der Bauureihennummer des Unimog f\u00fcr den gesucht wird, bzw. mit der Motornummer, lauten:<\/p>\n<ul>\n<li>Betriebsanleitung<\/li>\n<li>Werkstatthandbuch<\/li>\n<li>Ersatzteilliste Fahrgestell\/Aufbau<\/li>\n<li>Ersatzteilliste Motor<\/li>\n<\/ul>\n","protected":false},"excerpt":{"rendered":"<p>Welche technische Literatur gibt es? Von Daimler-Benz: An technischer Literatur f\u00fcr die \u00bbUr-Unimog\u00ab-Baureihen\u00a0gibt es zum einen die Publikationen von Daimler-Benz. Das sind die\u00a0Betriebsanleitung,\u00a0Werkstatthandb\u00fccher\u00a0und sogenannten Ersatzteillisten mit Explosionszeichnungen aller Baugruppen und der Benennung aller Einzelteile samt ihrer Teilenummern.\u00a0Die Ersatzteillisten gibt es zum Fahrgestell und Aufbau sowie auch jeweils zu den verwendeten Motoren OM352 und OM352A. Als&hellip; <a class=\"more-link\" href=\"https:\/\/historische-unimog.de\/999\/schwere-br2\/technische-dokumente-literatur\/\"><span class=\"screen-reader-text\">Technische Dokumente \/ Literatur<\/span> weiterlesen<\/a><\/p>\n","protected":false},"author":1,"featured_media":0,"parent":0,"menu_order":0,"comment_status":"closed","ping_status":"closed","template":"","meta":{"footnotes":""},"_links":{"self":[{"href":"https:\/\/historische-unimog.de\/999\/schwere-br2\/wp-json\/wp\/v2\/pages\/3604"}],"collection":[{"href":"https:\/\/historische-unimog.de\/999\/schwere-br2\/wp-json\/wp\/v2\/pages"}],"about":[{"href":"https:\/\/historische-unimog.de\/999\/schwere-br2\/wp-json\/wp\/v2\/types\/page"}],"author":[{"embeddable":true,"href":"https:\/\/historische-unimog.de\/999\/schwere-br2\/wp-json\/wp\/v2\/users\/1"}],"replies":[{"embeddable":true,"href":"https:\/\/historische-unimog.de\/999\/schwere-br2\/wp-json\/wp\/v2\/comments?post=3604"}],"version-history":[{"count":8,"href":"https:\/\/historische-unimog.de\/999\/schwere-br2\/wp-json\/wp\/v2\/pages\/3604\/revisions"}],"predecessor-version":[{"id":3766,"href":"https:\/\/historische-unimog.de\/999\/schwere-br2\/wp-json\/wp\/v2\/pages\/3604\/revisions\/3766"}],"wp:attachment":[{"href":"https:\/\/historische-unimog.de\/999\/schwere-br2\/wp-json\/wp\/v2\/media?parent=3604"}],"curies":[{"name":"wp","href":"https:\/\/api.w.org\/{rel}","templated":true}]}}