{"id":4994,"date":"2025-05-06T22:44:26","date_gmt":"2025-05-06T20:44:26","guid":{"rendered":"https:\/\/historische-unimog.de\/wordpress\/?page_id=4994"},"modified":"2026-04-09T12:44:02","modified_gmt":"2026-04-09T10:44:02","slug":"ueber-diese-seiten","status":"publish","type":"page","link":"https:\/\/historische-unimog.de\/wordpress\/ueber-diese-seiten\/","title":{"rendered":"\u00dcber diese Seiten"},"content":{"rendered":"<h4><strong>Ein privates Projekt aus Leidenschaft &#8230;<\/strong><\/h4>\n<p>Diese kostenlosen und werbefreien Seiten werden rein privat, ohne gesch\u00e4ftliche oder sonstwie mit dem Erwerbsleben in Zusammenhang stehende Interessen betrieben, als Hobby und aus Freude am Umgang mit der Thematik. (Siehe auch <a href=\"http:\/\/historische-unimog.de\/wordpress\/impressum-und-datenschutzerklaerung\/#disclaimer\">hier<\/a>).<\/p>\n<h4><strong>&#8230; und weil es zum Erhalt des Kulturgutes notwendig ist, &#8230;<\/strong><\/h4>\n<p>Als ich etwa Mitte 2022 damit begann, mich intensiv mit historischen Unimog zu befassen, empfand ich den Einstieg in diese Themenwelt als unerwartet m\u00fchsam, da die damals verf\u00fcgbaren Online-Informationsangebote ziemlich un\u00fcbersichtlich, l\u00fcckenhaft und unvollst\u00e4ndig waren und stellenweise offenkundig auch fehlerhaft, was an etlichen widerspr\u00fcchlichen Angaben auch f\u00fcr einen Laien erkennbar war. Diese Situation m\u00f6chte ich f\u00fcr alle anderen Interessierten ab sofort verbessern, nachdem ich mich nun intensiv mit der Materie befasst und mit meiner Partnerin Anfang 2024 einen Unimog 404 gekauft habe. Mit dem hier vorliegenden kostenfrei zug\u00e4nglichen Onlineangebot soll es Einsteigern wesentlich leichter gemacht werden, mit vollst\u00e4ndigen, korrekten und \u00fcbersichtlichen Informationen einen m\u00f6glichst m\u00fchelosen Zugang zum Thema &#8220;historische UNIMOG&#8221; zu erhalten. Auch bereits Fortgeschrittenen soll hier ein m\u00f6glichst umfangreiches und korrektes Nachschlagewerk zur Verf\u00fcgung gestellt werden. Das ist zumindest das langfristige und zugegebenerma\u00dfen ehrgeizige Ziel. Das hier vorliegende Onlineangebot habe ich in unterschiedliche Bereiche aufgeteilt. (Siehe hierzu auch das Vorwort auf der Startseite.) Bislang ist nur der Bereich zum Unimog 404, mit dem ich meine Arbeiten startete, in einer ersten Fassung fertiggestellt (Stand: April 2026). Die Bereiche zu den anderen historischen UNIMOG-Baureihen sind noch unvollst\u00e4ndig und werden nach und nach erg\u00e4nzt, wozu jeder gerne beitragen kann (siehe Startseite).<\/p>\n<h4><strong>&#8230; denn die bisherige Informationslage war nicht optimal &#8230;<\/strong><\/h4>\n<p>Aber zur\u00fcck zu den UNIMOG: Dass man sich bislang B\u00fccher kaufen musste um \u00fcbersichtliche, vollst\u00e4ndige und korrekte Informationen zu den historischen UNIMOG-Baureihen zu erhalten, wobei aber selbst viele der am Markt erh\u00e4ltlichen B\u00fccher diese Kriterien nicht erf\u00fcllen, ist im Zeitalter des Internets mit seinen sonst zu allen Themengebieten verf\u00fcgbaren umfangreichen und gut aufbereiteten Informationen, dem Erhalt des historischen Fahrzeugbestands nicht gerade dienlich. Die bisherige \u201eFangemeinde&#8221;, ganz \u00fcberwiegend deutlich dem Vor-Internet-Zeitalter entstammend, f\u00e4llt leider altersbedingt nach und nach weg, beziehungsweise zieht sich in eingeschworene vertraute kleine (Online-)Gruppen zur\u00fcck, aus denen das darin vorhandene wertvolle Know-how kaum mehr nach au\u00dfen dringt. J\u00fcngeren Menschen hingegen, denen es obliegt die k\u00fcnftigen Erhalter des automobilen Kulturguts zu sein, macht es diese Situation nicht gerade einfach, sich als K\u00e4ufer und Erhalter historischer UNIMOG zu engagieren, beziehungsweise sich \u00fcberhaupt erst dazu zu entschliessen, sich diesem Themenkomplex n\u00e4her zu widmen. Die j\u00fcngeren Generationen sind es eigentlich gewohnt, im Netz \u00fcbersichtlich aufbereitete einsteigergerechte Informationen zu jedem erdenklichen Thema vorzufinden und nicht zuletzt durch diese verf\u00fcgbaren Informationsangebote angeregt \u00fcberhaupt erst neue Interessen zu entwickeln, beziehungsweise zu vertiefen. Ohne solche gut aufbereiteten und einsteigergerechten frei verf\u00fcgbaren Informationen im Netz, vertieft sich in diesen schnelllebigen Zeiten das durch vielleicht irgendeinen Zufall gerade erweckte Erstinteresse bei vielen Menschen nicht weiter und sie wenden sich alsbald anderen Themen zu, die online besser aufbereitet sind. Zumal, wenn die verf\u00fcgbaren Informationen nicht nur unvollst\u00e4ndig, un\u00fcbersichtlich und alles andere als einsteigergerecht sind, sondern teilweise sogar widerspr\u00fcchlich und offenkundig falsch, was im hier besprochenen Themenumfeld leider vielerorts der Fall ist.<\/p>\n<h4><strong>&#8230; und lieferte nicht, was heutige Neueinsteiger ben\u00f6tigen, &#8230;<\/strong><\/h4>\n<p>Wer sich nicht nur oberfl\u00e4chlich, sondern aufgrund von (potentieller) Kaufabsicht und der daf\u00fcr notwendigen vorherigen Auswahl des passenden Modells gerne tiefer und vor allem verbindlich informieren m\u00f6chte, hatte dabei bislang gro\u00dfe Schwierigkeiten, zumindest seitdem die Fachforen mit auskunftsfreudigen Experten weitgehend eingeschlafen sind. Er wurde von keinem der bisherigen Online-Informationsangebote und auch von keinem Buch wirklich da abgeholt, wo er sich gerade befindet: Auf der Position eines von der Modellvielfalt etwas erschlagenen Laien, dem so manche Begrifflichkeit aus den Fachbereichen KFZ, LKW und Ackerschlepper nicht so ganz gel\u00e4ufig ist und der bei den mercedestypisch verwirrenden Baureihen- und Modellbezeichnungen nicht durchblickt, was vielen \u201ealten Hasen&#8221; ebenfalls noch so geht. Zun\u00e4chst m\u00f6chte man doch einen vergleichenden und laiengerecht erl\u00e4uterten \u00dcberlick \u00fcber die Thematik erhalten und danach dann zu den aufgrund der gewonnenen Erkenntnisse pr\u00e4ferierten Baureihen und Modellen verbindliche Auskunft dar\u00fcber erhalten, was diese Fahrzeuge genau auszeichnet und unterscheidet, welche Varianten und Ausstattungen es genau gab und wonach man also auf dem Gebrauchtmarkt, wo Details von den Verk\u00e4ufern oft nicht korrekt oder gar falsch kommuniziert oder auch gar nicht gewusst werden, genau suchen muss. Zudem m\u00f6chte man als Einsteiger mit Kaufinteresse gerne wissen, wie man die gew\u00fcnschten Eigenschaften und Details an den Fahrzeugen sicher erkennt und worauf man beim Kauf besonders achten muss, aber auch wie man ein Fahrzeug dann nach dem Kauf bedient, wie man es wartet und n\u00f6tigenfalls repariert, wie ma es optimal auf der Zulassungsstelle zul\u00e4sst, wie man es am besten versichert und so weiter. All dies leistete in dieser Gesamtheit und in wohlstrukturierter Art und Weise bislang kein mir bekanntes Informationsangebot, weder off- noch online.<\/p>\n<h4><strong>&#8230; weshalb das nun dringend nachgeholt werden muss:<\/strong><\/h4>\n<p>Die negative Wirkung dieses Missstands auf die Anzahl potentieller Neueinsteiger und k\u00fcnftiger Bewahrer der Fahrzeuge erkennt man deutlich an den immer weiter abnehmenden diesbez\u00fcglichen Aktivit\u00e4ten in den einschl\u00e4gigen Fachforen und anderswo im Internet und durchaus auch an einem steigenden Fahrzeug-Angebot am Gebrauchtmarkt, welches sich offenbar nur recht schleppend verkauft. Nicht unerheblichen Einfluss hat an dieser Stelle sicherlich auch der Umstand, dass sich die Struktur k\u00fcnftiger K\u00e4ufer in einem deutlichen Wandel befindet, wie so vieles heutzutage: Kleine landwirtschaftliche Betriebe mit ihren Nachkommen und \u00e4hnliche eher l\u00e4ndlich gepr\u00e4gte Familien- und T\u00e4tigkeitsstrukturen nehmen in ihrer Verbreitung immer weiter ab. Bisher waren aber genau dies die Geburtsst\u00e4tten k\u00fcnftiger UNIMOG-Begeisterter. K\u00fcnftige Liebhaber werden immer h\u00e4ufiger einen anderen Hintergrund haben und m\u00fcssen in der hier beschriebenen Form im Netz zun\u00e4chst interessiert und danach, da sie oft (zumindest NOCH) keine klassischen \u201eSchrauber&#8221; sind sondern v\u00f6llig fachfremd, mit entsprechenden Informationen unterst\u00fctzt werden. Ich selbst bin ein gutes Beispiel f\u00fcr diesen neuen Typus UNIMOG-Begeisterter. Diesen ge\u00e4nderten Rahmenbedingungen gilt es im Sinne des Erhalts des Kulturguts in Form des\u00a0<em>historischen UNIMOG-Fahrzeugbestands<\/em>\u00a0mit entsprechenden Informationsangeboten Rechnung zu tragen. Ich versuche zumindest einen kleinen Teil dazu beizutragen, indem ich\u00a0die von mir gesammelten und verifizierten Informationen und Erkenntnisse zur Themenwelt <em>historische UNIMOG\u00a0<\/em>in Form meiner Websites in geeigneter Aufbereitung der Allgemeinheit zur Verf\u00fcgung stelle.<\/p>\n<h4><strong>Bewusst klassische Machart der Websites:<\/strong><\/h4>\n<p>Mein Online-Informationsangebot hier habe ich im Sinne der angestrebten Analogie zu einem Buch nicht auf moderne Art angelegt, mit einem Illustrierten-\u00e4hnlichen Layout und Animationen, sondern ganz klassisch, f\u00fcr eine gute \u00dcbersicht und Lesbarkeit auf allen Bildschirmgr\u00f6\u00dfen, auch auf Tablets und Smartphones.<\/p>\n<p><strong>F\u00fcr Kritik, Verbesserungsvorschl\u00e4ge und Korrekturen, aber auch f\u00fcr Hilfsangebote f\u00fcr die weitere Inhalteerstellung und so weiter bin ich jederzeit offen. Nehmen Sie gerne Kontakt mit mir auf. Kontaktdaten finden Sie auf der Startseite ganz unten und im Impressum.<\/strong><\/p>\n","protected":false},"excerpt":{"rendered":"<p>Ein privates Projekt aus Leidenschaft &#8230; Diese kostenlosen und werbefreien Seiten werden rein privat, ohne gesch\u00e4ftliche oder sonstwie mit dem Erwerbsleben in Zusammenhang stehende Interessen betrieben, als Hobby und aus Freude am Umgang mit der Thematik. (Siehe auch hier). &#8230; und weil es zum Erhalt des Kulturgutes notwendig ist, &#8230; Als ich etwa Mitte 2022&hellip; <a class=\"more-link\" href=\"https:\/\/historische-unimog.de\/wordpress\/ueber-diese-seiten\/\"><span class=\"screen-reader-text\">\u00dcber diese Seiten<\/span> weiterlesen<\/a><\/p>\n","protected":false},"author":1,"featured_media":0,"parent":0,"menu_order":0,"comment_status":"closed","ping_status":"closed","template":"","meta":{"footnotes":""},"class_list":["post-4994","page","type-page","status-publish","hentry","entry"],"_links":{"self":[{"href":"https:\/\/historische-unimog.de\/wordpress\/wp-json\/wp\/v2\/pages\/4994"}],"collection":[{"href":"https:\/\/historische-unimog.de\/wordpress\/wp-json\/wp\/v2\/pages"}],"about":[{"href":"https:\/\/historische-unimog.de\/wordpress\/wp-json\/wp\/v2\/types\/page"}],"author":[{"embeddable":true,"href":"https:\/\/historische-unimog.de\/wordpress\/wp-json\/wp\/v2\/users\/1"}],"replies":[{"embeddable":true,"href":"https:\/\/historische-unimog.de\/wordpress\/wp-json\/wp\/v2\/comments?post=4994"}],"version-history":[{"count":46,"href":"https:\/\/historische-unimog.de\/wordpress\/wp-json\/wp\/v2\/pages\/4994\/revisions"}],"predecessor-version":[{"id":5274,"href":"https:\/\/historische-unimog.de\/wordpress\/wp-json\/wp\/v2\/pages\/4994\/revisions\/5274"}],"wp:attachment":[{"href":"https:\/\/historische-unimog.de\/wordpress\/wp-json\/wp\/v2\/media?parent=4994"}],"curies":[{"name":"wp","href":"https:\/\/api.w.org\/{rel}","templated":true}]}}